{"id":1456,"date":"2024-10-17T10:55:19","date_gmt":"2024-10-17T10:55:19","guid":{"rendered":"https:\/\/elrincondepancho.com\/?page_id=1456"},"modified":"2025-05-13T09:48:39","modified_gmt":"2025-05-13T09:48:39","slug":"blog","status":"publish","type":"page","link":"https:\/\/elrincondepancho.com\/de\/blog\/","title":{"rendered":"Blog"},"content":{"rendered":"<p>[vc_row][vc_column][vc_column_text]<\/p>\n<h2 style=\"color: red;\">Entdecke unseren Blog: Tipps und Gerichte aus unserem Restaurant in Los Cristianos<\/h2>\n<p>Wenn du ein Liebhaber der guten Gastronomie bist, findest du in unserem Blog Artikel \u00fcber traditionelle Gerichte, kulinarische Tipps und Empfehlungen, um die lokale K\u00fcche in vollen Z\u00fcgen zu genie\u00dfen. Von den besten <strong data-start=\"207\" data-end=\"232\">Tapas in Teneriffa S\u00fcd<\/strong> bis hin zu Rezepten und Kuriosit\u00e4ten der kanarischen Gastronomie \u2013 wir m\u00f6chten unsere Leidenschaft f\u00fcr gutes Essen mit dir teilen. Au\u00dferdem erz\u00e4hlen wir dir von unserer Tasca, einem idealen Ort, um authentische Aromen zu genie\u00dfen. Wenn du ein <strong data-start=\"451\" data-end=\"484\">Restaurant in Los Cristianos<\/strong> suchst, in dem du ein einzigartiges Erlebnis erleben kannst, ist <strong data-start=\"520\" data-end=\"543\">El Rinc\u00f3n de Pancho<\/strong> die beste Wahl. Verpasse nicht unsere Beitr\u00e4ge und erfahre mehr \u00fcber unser <strong data-start=\"630\" data-end=\"663\">Restaurant<\/strong>.[\/vc_column_text][vc_empty_space height=&#8220;25px&#8220;][apress_blog_element category=&#8220;all&#8220; blog_navigation=&#8220;classic_nav&#8220; style=&#8220;style_01&#8243; title_font_options=&#8220;tag:h4|color:%23252525&#8243;][\/vc_column][\/vc_row]<\/p>\n","protected":false},"excerpt":{"rendered":"<p>[vc_row][vc_column][vc_column_text] Entdecke unseren Blog: Tipps und Gerichte aus unserem Restaurant in Los Cristianos Wenn du ein Liebhaber der guten Gastronomie bist, findest du in unserem Blog Artikel \u00fcber traditionelle Gerichte, kulinarische Tipps und Empfehlungen, um die lokale K\u00fcche in vollen<span class=\"read_more_area\"><a class=\"read-more\" href=\"https:\/\/elrincondepancho.com\/de\/blog\/\"> Continue Reading <\/a><\/span><\/p>\n","protected":false},"author":1,"featured_media":0,"parent":0,"menu_order":0,"comment_status":"closed","ping_status":"closed","template":"","meta":{"footnotes":""},"class_list":["post-1456","page","type-page","status-publish","hentry"],"yoast_head":"<!-- This site is optimized with the Yoast SEO Premium plugin v26.2 (Yoast SEO v26.2) - https:\/\/yoast.com\/wordpress\/plugins\/seo\/ -->\n<title>Blog von El Rinc\u00f3n de Pancho - Restaurant in Los Cristianos<\/title>\n<meta name=\"description\" content=\"Entdecken Sie Gerichte, Tipps und gastronomische Kuriosit\u00e4ten in unserem Blog. Besuchen Sie uns im El Rinc\u00f3n de Pancho, Ihrem Restaurant in Los Cristianos.\" \/>\n<meta name=\"robots\" content=\"index, follow, max-snippet:-1, max-image-preview:large, max-video-preview:-1\" \/>\n<link rel=\"canonical\" href=\"https:\/\/elrincondepancho.com\/de\/blog\/\" \/>\n<meta property=\"og:locale\" content=\"de_DE\" \/>\n<meta property=\"og:type\" content=\"article\" \/>\n<meta property=\"og:title\" content=\"Blog\" \/>\n<meta property=\"og:description\" content=\"Entdecken Sie Gerichte, Tipps und gastronomische Kuriosit\u00e4ten in unserem Blog. Besuchen Sie uns im El Rinc\u00f3n de Pancho, Ihrem Restaurant in Los Cristianos.\" \/>\n<meta property=\"og:url\" content=\"https:\/\/elrincondepancho.com\/de\/blog\/\" \/>\n<meta property=\"og:site_name\" content=\"El Rinc\u00f3n de Pancho\" \/>\n<meta property=\"article:modified_time\" content=\"2025-05-13T09:48:39+00:00\" \/>\n<meta name=\"twitter:card\" content=\"summary_large_image\" \/>\n<meta name=\"twitter:label1\" content=\"Gesch\u00e4tzte Lesezeit\" \/>\n\t<meta name=\"twitter:data1\" content=\"1\u00a0Minute\" \/>\n<script type=\"application\/ld+json\" class=\"yoast-schema-graph\">{\"@context\":\"https:\/\/schema.org\",\"@graph\":[{\"@type\":\"WebPage\",\"@id\":\"https:\/\/elrincondepancho.com\/de\/blog\/\",\"url\":\"https:\/\/elrincondepancho.com\/de\/blog\/\",\"name\":\"Blog von El Rinc\u00f3n de Pancho - Restaurant in Los Cristianos\",\"isPartOf\":{\"@id\":\"https:\/\/elrincondepancho.com\/#website\"},\"datePublished\":\"2024-10-17T10:55:19+00:00\",\"dateModified\":\"2025-05-13T09:48:39+00:00\",\"description\":\"Entdecken Sie Gerichte, Tipps und gastronomische Kuriosit\u00e4ten in unserem Blog. Besuchen Sie uns im El Rinc\u00f3n de Pancho, Ihrem Restaurant in Los Cristianos.\",\"breadcrumb\":{\"@id\":\"https:\/\/elrincondepancho.com\/de\/blog\/#breadcrumb\"},\"inLanguage\":\"de\",\"potentialAction\":[{\"@type\":\"ReadAction\",\"target\":[\"https:\/\/elrincondepancho.com\/de\/blog\/\"]}]},{\"@type\":\"BreadcrumbList\",\"@id\":\"https:\/\/elrincondepancho.com\/de\/blog\/#breadcrumb\",\"itemListElement\":[{\"@type\":\"ListItem\",\"position\":1,\"name\":\"Portada\",\"item\":\"https:\/\/elrincondepancho.com\/de\/\"},{\"@type\":\"ListItem\",\"position\":2,\"name\":\"Blog\"}]},{\"@type\":\"WebSite\",\"@id\":\"https:\/\/elrincondepancho.com\/#website\",\"url\":\"https:\/\/elrincondepancho.com\/\",\"name\":\"El Rinc\u00f3n de Pancho\",\"description\":\"Restaurante en Tenerife\",\"publisher\":{\"@id\":\"https:\/\/elrincondepancho.com\/#organization\"},\"potentialAction\":[{\"@type\":\"SearchAction\",\"target\":{\"@type\":\"EntryPoint\",\"urlTemplate\":\"https:\/\/elrincondepancho.com\/?s={search_term_string}\"},\"query-input\":{\"@type\":\"PropertyValueSpecification\",\"valueRequired\":true,\"valueName\":\"search_term_string\"}}],\"inLanguage\":\"de\"},{\"@type\":[\"Organization\",\"Place\",\"Restaurant\"],\"@id\":\"https:\/\/elrincondepancho.com\/#organization\",\"name\":\"El Rinc\u00f3n de Pancho\",\"url\":\"https:\/\/elrincondepancho.com\/\",\"logo\":{\"@id\":\"https:\/\/elrincondepancho.com\/de\/blog\/#local-main-organization-logo\"},\"image\":{\"@id\":\"https:\/\/elrincondepancho.com\/de\/blog\/#local-main-organization-logo\"},\"address\":{\"@id\":\"https:\/\/elrincondepancho.com\/de\/blog\/#local-main-place-address\"},\"geo\":{\"@type\":\"GeoCoordinates\",\"latitude\":\"28.0518515\",\"longitude\":\"-16.716028817\"},\"telephone\":[\"922 78 73 93\"],\"contactPoint\":{\"@type\":\"ContactPoint\",\"telephone\":\"922 78 73 93\",\"email\":\"info@elrincondepancho.com\"},\"openingHoursSpecification\":[{\"@type\":\"OpeningHoursSpecification\",\"dayOfWeek\":[\"Monday\",\"Tuesday\",\"Wednesday\",\"Thursday\",\"Friday\",\"Saturday\",\"Sunday\"],\"opens\":\"09:00\",\"closes\":\"17:00\"}],\"email\":\"info@elrincondepancho.com\",\"areaServed\":\"Los Cristianos, Tenerife\"},{\"@type\":\"PostalAddress\",\"@id\":\"https:\/\/elrincondepancho.com\/de\/blog\/#local-main-place-address\",\"streetAddress\":\"C. del Valle Men\u00e9ndez, 20, 38650 Los Cristianos, Santa Cruz de Tenerife\",\"addressLocality\":\"Los Cristianos\",\"postalCode\":\"38650\",\"addressRegion\":\"Santa Cruz de Tenerife\",\"addressCountry\":\"ES\"},{\"@type\":\"ImageObject\",\"inLanguage\":\"de\",\"@id\":\"https:\/\/elrincondepancho.com\/de\/blog\/#local-main-organization-logo\",\"url\":\"https:\/\/elrincondepancho.com\/wp-content\/uploads\/2021\/12\/elrincondepancho512.png\",\"contentUrl\":\"https:\/\/elrincondepancho.com\/wp-content\/uploads\/2021\/12\/elrincondepancho512.png\",\"width\":512,\"height\":512,\"caption\":\"El Rinc\u00f3n de Pancho\"}]}<\/script>\n<meta name=\"geo.placename\" content=\"Los Cristianos\" \/>\n<meta name=\"geo.position\" content=\"28.0518515;-16.716028817\" \/>\n<meta name=\"geo.region\" content=\"Spanien\" \/>\n<!-- \/ Yoast SEO Premium plugin. -->","yoast_head_json":{"title":"Blog von El Rinc\u00f3n de Pancho - Restaurant in Los Cristianos","description":"Entdecken Sie Gerichte, Tipps und gastronomische Kuriosit\u00e4ten in unserem Blog. Besuchen Sie uns im El Rinc\u00f3n de Pancho, Ihrem Restaurant in Los Cristianos.","robots":{"index":"index","follow":"follow","max-snippet":"max-snippet:-1","max-image-preview":"max-image-preview:large","max-video-preview":"max-video-preview:-1"},"canonical":"https:\/\/elrincondepancho.com\/de\/blog\/","og_locale":"de_DE","og_type":"article","og_title":"Blog","og_description":"Entdecken Sie Gerichte, Tipps und gastronomische Kuriosit\u00e4ten in unserem Blog. Besuchen Sie uns im El Rinc\u00f3n de Pancho, Ihrem Restaurant in Los Cristianos.","og_url":"https:\/\/elrincondepancho.com\/de\/blog\/","og_site_name":"El Rinc\u00f3n de Pancho","article_modified_time":"2025-05-13T09:48:39+00:00","twitter_card":"summary_large_image","twitter_misc":{"Gesch\u00e4tzte Lesezeit":"1\u00a0Minute"},"schema":{"@context":"https:\/\/schema.org","@graph":[{"@type":"WebPage","@id":"https:\/\/elrincondepancho.com\/de\/blog\/","url":"https:\/\/elrincondepancho.com\/de\/blog\/","name":"Blog von El Rinc\u00f3n de Pancho - Restaurant in Los Cristianos","isPartOf":{"@id":"https:\/\/elrincondepancho.com\/#website"},"datePublished":"2024-10-17T10:55:19+00:00","dateModified":"2025-05-13T09:48:39+00:00","description":"Entdecken Sie Gerichte, Tipps und gastronomische Kuriosit\u00e4ten in unserem Blog. Besuchen Sie uns im El Rinc\u00f3n de Pancho, Ihrem Restaurant in Los Cristianos.","breadcrumb":{"@id":"https:\/\/elrincondepancho.com\/de\/blog\/#breadcrumb"},"inLanguage":"de","potentialAction":[{"@type":"ReadAction","target":["https:\/\/elrincondepancho.com\/de\/blog\/"]}]},{"@type":"BreadcrumbList","@id":"https:\/\/elrincondepancho.com\/de\/blog\/#breadcrumb","itemListElement":[{"@type":"ListItem","position":1,"name":"Portada","item":"https:\/\/elrincondepancho.com\/de\/"},{"@type":"ListItem","position":2,"name":"Blog"}]},{"@type":"WebSite","@id":"https:\/\/elrincondepancho.com\/#website","url":"https:\/\/elrincondepancho.com\/","name":"El Rinc\u00f3n de Pancho","description":"Restaurante en Tenerife","publisher":{"@id":"https:\/\/elrincondepancho.com\/#organization"},"potentialAction":[{"@type":"SearchAction","target":{"@type":"EntryPoint","urlTemplate":"https:\/\/elrincondepancho.com\/?s={search_term_string}"},"query-input":{"@type":"PropertyValueSpecification","valueRequired":true,"valueName":"search_term_string"}}],"inLanguage":"de"},{"@type":["Organization","Place","Restaurant"],"@id":"https:\/\/elrincondepancho.com\/#organization","name":"El Rinc\u00f3n de Pancho","url":"https:\/\/elrincondepancho.com\/","logo":{"@id":"https:\/\/elrincondepancho.com\/de\/blog\/#local-main-organization-logo"},"image":{"@id":"https:\/\/elrincondepancho.com\/de\/blog\/#local-main-organization-logo"},"address":{"@id":"https:\/\/elrincondepancho.com\/de\/blog\/#local-main-place-address"},"geo":{"@type":"GeoCoordinates","latitude":"28.0518515","longitude":"-16.716028817"},"telephone":["922 78 73 93"],"contactPoint":{"@type":"ContactPoint","telephone":"922 78 73 93","email":"info@elrincondepancho.com"},"openingHoursSpecification":[{"@type":"OpeningHoursSpecification","dayOfWeek":["Monday","Tuesday","Wednesday","Thursday","Friday","Saturday","Sunday"],"opens":"09:00","closes":"17:00"}],"email":"info@elrincondepancho.com","areaServed":"Los Cristianos, Tenerife"},{"@type":"PostalAddress","@id":"https:\/\/elrincondepancho.com\/de\/blog\/#local-main-place-address","streetAddress":"C. del Valle Men\u00e9ndez, 20, 38650 Los Cristianos, Santa Cruz de Tenerife","addressLocality":"Los Cristianos","postalCode":"38650","addressRegion":"Santa Cruz de Tenerife","addressCountry":"ES"},{"@type":"ImageObject","inLanguage":"de","@id":"https:\/\/elrincondepancho.com\/de\/blog\/#local-main-organization-logo","url":"https:\/\/elrincondepancho.com\/wp-content\/uploads\/2021\/12\/elrincondepancho512.png","contentUrl":"https:\/\/elrincondepancho.com\/wp-content\/uploads\/2021\/12\/elrincondepancho512.png","width":512,"height":512,"caption":"El Rinc\u00f3n de Pancho"}]},"geo.placename":"Los Cristianos","geo.position":{"lat":"28.0518515","long":"-16.716028817"},"geo.region":"Spanien"},"_links":{"self":[{"href":"https:\/\/elrincondepancho.com\/de\/wp-json\/wp\/v2\/pages\/1456","targetHints":{"allow":["GET"]}}],"collection":[{"href":"https:\/\/elrincondepancho.com\/de\/wp-json\/wp\/v2\/pages"}],"about":[{"href":"https:\/\/elrincondepancho.com\/de\/wp-json\/wp\/v2\/types\/page"}],"author":[{"embeddable":true,"href":"https:\/\/elrincondepancho.com\/de\/wp-json\/wp\/v2\/users\/1"}],"replies":[{"embeddable":true,"href":"https:\/\/elrincondepancho.com\/de\/wp-json\/wp\/v2\/comments?post=1456"}],"version-history":[{"count":5,"href":"https:\/\/elrincondepancho.com\/de\/wp-json\/wp\/v2\/pages\/1456\/revisions"}],"predecessor-version":[{"id":1709,"href":"https:\/\/elrincondepancho.com\/de\/wp-json\/wp\/v2\/pages\/1456\/revisions\/1709"}],"wp:attachment":[{"href":"https:\/\/elrincondepancho.com\/de\/wp-json\/wp\/v2\/media?parent=1456"}],"curies":[{"name":"wp","href":"https:\/\/api.w.org\/{rel}","templated":true}]}}