{"id":642,"date":"2021-12-15T22:58:15","date_gmt":"2021-12-15T22:58:15","guid":{"rendered":"https:\/\/elrincondepancho.com\/?page_id=642"},"modified":"2024-12-18T14:40:40","modified_gmt":"2024-12-18T14:40:40","slug":"home","status":"publish","type":"page","link":"https:\/\/elrincondepancho.com\/en\/","title":{"rendered":"Home"},"content":{"rendered":"<p>[vc_row][vc_column]<div class=\"ult-spacer spacer-69f3d5114e7bf\" data-id=\"69f3d5114e7bf\" data-height=\"30\" data-height-mobile=\"30\" data-height-tab=\"30\" data-height-tab-portrait=\"30\" data-height-mobile-landscape=\"30\" style=\"clear:both;display:block;\"><\/div>[vc_widget_sidebar sidebar_id=&#8221;right_sidebar&#8221; el_id=&#8221;idiomas&#8221;][\/vc_column][\/vc_row][vc_row equal_height=&#8221;yes&#8221; content_placement=&#8221;middle&#8221; disable_element=&#8221;yes&#8221; css=&#8221;.vc_custom_1640299949768{padding-top: 70px !important;padding-bottom: 120px !important;}&#8221;][vc_column width=&#8221;1\/2&#8243;][apress_heading sub_title=&#8221;Tasca abierta abierta desde el 2014. Nuestra propuesta son unos platos en los que ponemos el m\u00e1ximo cari\u00f1o, una atenci\u00f3n personalizada y al mejor precio.&#8221; content_alignment=&#8221;left&#8221; enable_delimiter=&#8221;&#8221; style=&#8221;heading_style1&#8243; title_font_options=&#8221;tag:h2|font_size:50|line_height:60|letter_spacing:1&#8243; subtitle_font_options=&#8221;tag:div&#8221; heading_margin=&#8221;margin-bottom:30&#8243;]Tasca en el centro de Los Cristianos[\/apress_heading][\/vc_column][vc_column css_animation=&#8221;fadeInDown&#8221; width=&#8221;1\/4&#8243; css=&#8221;.vc_custom_1506076502753{margin-top: -20px !important;background-position: center !important;background-repeat: no-repeat !important;background-size: cover !important;}&#8221;][vc_single_image image=&#8221;285&#8243; img_size=&#8221;full&#8221; style=&#8221;vc_box_shadow&#8221; onclick=&#8221;link_image&#8221;][\/vc_column][vc_column css_animation=&#8221;fadeInUp&#8221; width=&#8221;1\/4&#8243; css=&#8221;.vc_custom_1506076509962{margin-bottom: -20px !important;background-position: center !important;background-repeat: no-repeat !important;background-size: cover !important;}&#8221;][vc_single_image image=&#8221;293&#8243; img_size=&#8221;full&#8221; style=&#8221;vc_box_shadow&#8221; onclick=&#8221;link_image&#8221;][\/vc_column][\/vc_row][vc_row apcore_row_stretch_opt=&#8221;stretch_row_and_content&#8221;][vc_column][apress_heading sub_title=&#8221;El Rinc\u00f3n de Pancho offers you in the centre of Los Cristianos a variety of Canarian and Castilian dishes and tapas in Tenerife in a cosy place, with a friendly and close service.&#8221; data_animation=&#8221;fadeInUp&#8221; data_delay=&#8221;300&#8243; enable_delimiter=&#8221;&#8221; style=&#8221;heading_style1&#8243; title_font_options=&#8221;tag:h2|font_size:50|line_height:60|letter_spacing:1&#8243; subtitle_font_options=&#8221;tag:div&#8221; heading_margin=&#8221;margin-bottom:30&#8243;]Some of our dishes[\/apress_heading]<div class=\"ult-spacer spacer-69f3d5114e801\" data-id=\"69f3d5114e801\" data-height=\"50\" data-height-mobile=\"50\" data-height-tab=\"50\" data-height-tab-portrait=\"50\" data-height-mobile-landscape=\"50\" style=\"clear:both;display:block;\"><\/div>[vc_masonry_media_grid element_width=&#8221;3&#8243; gap=&#8221;0&#8243; initial_loading_animation=&#8221;fadeIn&#8221; grid_id=&#8221;vc_gid:1734532391360-382e59a6-cba6-0&#8243; include=&#8221;892,820,928,1292&#8243; el_id=&#8221;bloqueImg&#8221;][\/vc_column][\/vc_row][vc_row equal_height=&#8221;yes&#8221; content_placement=&#8221;middle&#8221; bg_type=&#8221;image&#8221; parallax_style=&#8221;vcpb-vz-jquery&#8221; bg_image_new=&#8221;id^1023|url^https:\/\/elrincondepancho.com\/wp-content\/uploads\/2021\/12\/imagen.jpg|caption^null|alt^null|title^imagen|description^null&#8221; bg_image_repeat=&#8221;no-repeat&#8221; bg_override=&#8221;ex-full&#8221; css=&#8221;.vc_custom_1640299935386{padding-top: 100px !important;padding-bottom: 0px !important;}&#8221;][vc_column width=&#8221;1\/2&#8243;]<div class=\"ult-spacer spacer-69f3d5114e82e\" data-id=\"69f3d5114e82e\" data-height=\"150\" data-height-mobile=\"50\" data-height-tab=\"50\" data-height-tab-portrait=\"50\" data-height-mobile-landscape=\"50\" style=\"clear:both;display:block;\"><\/div>[apress_heading sub_title=&#8221;Honest and delicious dishes for all tastes. We help you choose from the different dishes on the menu to find the ones you like best. If you are looking for an authentic experience, you can&#8217;t miss our tapas in Tenerife, perfect to enjoy in good company. Don&#8217;t settle for just one dish, tapas and sharing plates are the best choice!&#8221; content_alignment=&#8221;left&#8221; data_animation=&#8221;fadeInUp&#8221; data_delay=&#8221;300&#8243; enable_delimiter=&#8221;&#8221; style=&#8221;heading_style1&#8243; title_font_options=&#8221;tag:h2|font_size:50|line_height:60|letter_spacing:1&#8243; subtitle_font_options=&#8221;tag:div|color:%23ffffff&#8221; heading_margin=&#8221;margin-bottom:30&#8243;]Our motto: the best quality at the best price.[\/apress_heading]<div class=\"ult-spacer spacer-69f3d5114e854\" data-id=\"69f3d5114e854\" data-height=\"150\" data-height-mobile=\"0\" data-height-tab=\"50\" data-height-tab-portrait=\"0\" data-height-mobile-landscape=\"0\" style=\"clear:both;display:block;\"><\/div>[\/vc_column][vc_column width=&#8221;1\/2&#8243; css=&#8221;.vc_custom_1506078330389{margin-bottom: 0px !important;padding-bottom: 0px !important;}&#8221;]<div class=\"ult-spacer spacer-69f3d5114e878\" data-id=\"69f3d5114e878\" data-height=\"150\" data-height-mobile=\"50\" data-height-tab=\"50\" data-height-tab-portrait=\"50\" data-height-mobile-landscape=\"50\" style=\"clear:both;display:block;\"><\/div>[apress_button button_text=&#8221;SEE OUR MENU&#8221; button_size=&#8221;medium&#8221; button_alignment=&#8221;center&#8221; button_shape=&#8221;square&#8221; button_link=&#8221;url:https%3A%2F%2Felrincondepancho.com%2Fen%2Fmenu%2F|title:Menu&#8221;]<div class=\"ult-spacer spacer-69f3d5114e89a\" data-id=\"69f3d5114e89a\" data-height=\"150\" data-height-mobile=\"50\" data-height-tab=\"50\" data-height-tab-portrait=\"50\" data-height-mobile-landscape=\"50\" style=\"clear:both;display:block;\"><\/div>[\/vc_column][\/vc_row][vc_row][vc_column]<div class=\"ult-spacer spacer-69f3d5114e8bd\" data-id=\"69f3d5114e8bd\" data-height=\"150\" data-height-mobile=\"50\" data-height-tab=\"50\" data-height-tab-portrait=\"50\" data-height-mobile-landscape=\"50\" style=\"clear:both;display:block;\"><\/div>[apress_heading sub_title=&#8221;Family business open since October 2014 where service is a fundamental part of the experience. The entire team puts the maximum effort and professionalism to make your visit special.&#8221; data_animation=&#8221;fadeInUp&#8221; data_delay=&#8221;300&#8243; enable_delimiter=&#8221;&#8221; style=&#8221;heading_style1&#8243; title_font_options=&#8221;tag:h2|font_size:50|line_height:60|letter_spacing:1&#8243; subtitle_font_options=&#8221;tag:div&#8221; heading_margin=&#8221;margin-bottom:30&#8243;]<\/p>\n<p style=\"text-align: center;\">Family Business<\/p>\n<p>[\/apress_heading]<div class=\"ult-spacer spacer-69f3d5114e8df\" data-id=\"69f3d5114e8df\" data-height=\"20\" data-height-mobile=\"20\" data-height-tab=\"20\" data-height-tab-portrait=\"20\" data-height-mobile-landscape=\"20\" style=\"clear:both;display:block;\"><\/div>[vc_single_image image=&#8221;1260&#8243; img_size=&#8221;450x450px&#8221; alignment=&#8221;center&#8221;][\/vc_column][\/vc_row][vc_row el_id=&#8221;contacto&#8221;][vc_column]<div class=\"ult-spacer spacer-69f3d5114e8ff\" data-id=\"69f3d5114e8ff\" data-height=\"150\" data-height-mobile=\"50\" data-height-tab=\"50\" data-height-tab-portrait=\"50\" data-height-mobile-landscape=\"50\" style=\"clear:both;display:block;\"><\/div>[apress_heading sub_title=&#8221;Contact us by phone, email, social networks or come and visit us.&#8221; data_animation=&#8221;fadeInUp&#8221; data_delay=&#8221;300&#8243; enable_delimiter=&#8221;&#8221; style=&#8221;heading_style1&#8243; title_font_options=&#8221;tag:h2|font_size:50|line_height:60|letter_spacing:1&#8243; subtitle_font_options=&#8221;tag:div&#8221; heading_margin=&#8221;margin-bottom:30&#8243;]Contact \/ Book[\/apress_heading]<div class=\"ult-spacer spacer-69f3d5114e91f\" data-id=\"69f3d5114e91f\" data-height=\"50\" data-height-mobile=\"50\" data-height-tab=\"50\" data-height-tab-portrait=\"50\" data-height-mobile-landscape=\"50\" style=\"clear:both;display:block;\"><\/div>[vc_row_inner][vc_column_inner width=&#8221;1\/4&#8243;][vc_icon icon_fontawesome=&#8221;fas fa-phone&#8221; color=&#8221;custom&#8221; size=&#8221;lg&#8221; align=&#8221;center&#8221; custom_color=&#8221;#000000&#8243; link=&#8221;url:tel%3A%2B34922787393&#8243;][vc_column_text]<\/p>\n<p style=\"text-align: center;\"><a style=\"font-size: 28px;\" href=\"tel:+34922787393\">922 78 73 93<\/a><\/p>\n<p>[\/vc_column_text][vc_column_text]<\/p>\n<p style=\"text-align: center;\"><strong>Booking hours from 13:00 to 22:30 from Tuesday to Saturday.<\/strong><\/p>\n<p>[\/vc_column_text][\/vc_column_inner][vc_column_inner width=&#8221;1\/4&#8243;][vc_icon icon_fontawesome=&#8221;fas fa-map-marked-alt&#8221; color=&#8221;custom&#8221; size=&#8221;lg&#8221; align=&#8221;center&#8221; custom_color=&#8221;#000000&#8243; link=&#8221;url:https%3A%2F%2Fwww.google.com%2Fmaps%2Fdir%2F%2FC.%2Bdel%2BValle%2BMen%25C3%25A9ndez%2C%2B20%2C%2B38650%2BLos%2BCristianos%2C%2BSanta%2BCruz%2Bde%2BTenerife%2F%4028.0518275%2C-16.7183965%2C17z%2Fdata%3D!4m8!4m7!1m0!1m5!1m1!1s0xc6a982c9496aaab%3A0x47ce9d079c156949!2m2!1d-16.7162078!2d28.0518228&#8243;][vc_column_text]<\/p>\n<p class=\"zolo_gradient_icon_title\" style=\"text-align: center;\"><a href=\"https:\/\/www.google.com\/maps\/dir\/\/C.+del+Valle+Men%C3%A9ndez,+20,+38650+Los+Cristianos,+Santa+Cruz+de+Tenerife\/@28.0518275,-16.7183965,17z\/data=!4m8!4m7!1m0!1m5!1m1!1s0xc6a982c9496aaab:0x47ce9d079c156949!2m2!1d-16.7162078!2d28.0518228\" target=\"_blank\" rel=\"noopener\">C. del Valle Men\u00e9ndez, 20, 38650 Los Cristianos, Santa Cruz de Tenerife<\/a><\/p>\n<p>[\/vc_column_text][\/vc_column_inner][vc_column_inner width=&#8221;1\/4&#8243;][vc_icon icon_fontawesome=&#8221;far fa-envelope&#8221; color=&#8221;custom&#8221; size=&#8221;lg&#8221; align=&#8221;center&#8221; custom_color=&#8221;#000000&#8243; link=&#8221;url:mailto%3Ainfo%40elrincondepancho.com&#8221;][vc_column_text]<\/p>\n<p class=\"zolo_gradient_icon_title\" style=\"text-align: center;\"><a href=\"mailto:info@elrincondepancho.com\" target=\"_blank\" rel=\"noopener\">info@elrincondepancho.com<\/a><\/p>\n<p style=\"text-align: center;\"><small><em><strong>Reservations via email must be made 24 hours in advance.<\/strong><\/em><\/small><\/p>\n<p>[\/vc_column_text][\/vc_column_inner][vc_column_inner width=&#8221;1\/4&#8243;][vc_icon icon_fontawesome=&#8221;fab fa-facebook&#8221; color=&#8221;custom&#8221; size=&#8221;lg&#8221; align=&#8221;center&#8221; custom_color=&#8221;#000000&#8243; link=&#8221;url:https%3A%2F%2Fwww.facebook.com%2FTascaElRinconDePancho|target:_blank&#8221; el_class=&#8221;socialHome&#8221;][vc_icon icon_fontawesome=&#8221;fab fa-instagram&#8221; color=&#8221;custom&#8221; size=&#8221;lg&#8221; align=&#8221;center&#8221; custom_color=&#8221;#000000&#8243; link=&#8221;url:https%3A%2F%2Fwww.instagram.com%2Ftascaelrincondepancho%2F|target:_blank&#8221; el_class=&#8221;socialHome&#8221;][vc_icon icon_fontawesome=&#8221;far fa-comment-dots&#8221; color=&#8221;custom&#8221; size=&#8221;lg&#8221; align=&#8221;center&#8221; custom_color=&#8221;#000000&#8243; link=&#8221;url:https%3A%2F%2Fmsng.link%2Fo%2F%3FTascaElRinconDePancho%3Dfm|target:_blank&#8221; el_class=&#8221;socialHome&#8221;][vc_column_text]<\/p>\n<p style=\"text-align: center;\"><a href=\"#\">Follow us on social media!<\/a><\/p>\n<p>[\/vc_column_text][\/vc_column_inner][\/vc_row_inner]<div class=\"ult-spacer spacer-69f3d5114e93b\" data-id=\"69f3d5114e93b\" data-height=\"150\" data-height-mobile=\"50\" data-height-tab=\"50\" data-height-tab-portrait=\"50\" data-height-mobile-landscape=\"50\" style=\"clear:both;display:block;\"><\/div>[\/vc_column][\/vc_row][vc_row apcore_row_stretch_opt=&#8221;stretch_row_and_content&#8221;][vc_column][vc_raw_html]JTNDaWZyYW1lJTIwc3JjJTNEJTIyaHR0cHMlM0ElMkYlMkZ3d3cuZ29vZ2xlLmNvbSUyRm1hcHMlMkZlbWJlZCUzRnBiJTNEJTIxMW0xNCUyMTFtOCUyMTFtMyUyMTFkMTQwODQuNDE1NjY4MDAwNDAzJTIxMmQtMTYuNzE2MDI4OCUyMTNkMjguMDUxODUxNSUyMTNtMiUyMTFpMTAyNCUyMTJpNzY4JTIxNGYxMy4xJTIxM20zJTIxMW0yJTIxMXMweDAlMjUzQTB4Y2ZlOTJkOWFjOWI1NmFkMiUyMTJzRWwlMjUyMFJpbmMlMjVDMyUyNUIzbiUyNTIwZGUlMjUyMFBhbmNobyUyMTVlMCUyMTNtMiUyMTFzZXMlMjEyc2VzJTIxNHYxNjM5NTcwMDM1MDg1JTIxNW0yJTIxMXNlcyUyMTJzZXMlMjIlMjB3aWR0aCUzRCUyMjEwMCUyNSUyMiUyMGhlaWdodCUzRCUyMjM1MCUyMiUyMHN0eWxlJTNEJTIyYm9yZGVyJTNBMCUzQiUyMiUyMGFsbG93ZnVsbHNjcmVlbiUzRCUyMiUyMiUyMGxvYWRpbmclM0QlMjJsYXp5JTIyJTNFJTNDJTJGaWZyYW1lJTNF[\/vc_raw_html][\/vc_column][\/vc_row][vc_row apcore_row_stretch_opt=&#8221;stretch_row_and_content&#8221;][vc_column]<div class=\"ult-spacer spacer-69f3d5114e958\" data-id=\"69f3d5114e958\" data-height=\"150\" data-height-mobile=\"50\" data-height-tab=\"50\" data-height-tab-portrait=\"50\" data-height-mobile-landscape=\"50\" style=\"clear:both;display:block;\"><\/div>[apress_heading sub_title=&#8221;@tascaelrincondepancho&#8221; data_animation=&#8221;fadeInUp&#8221; data_delay=&#8221;300&#8243; delimiter_line_height=&#8221;3&#8243; delimiter_line_width=&#8221;80&#8243; style=&#8221;heading_style1&#8243; title_font_options=&#8221;tag:h2|font_size:50|line_height:60|letter_spacing:1&#8243; subtitle_font_options=&#8221;tag:div&#8221; heading_margin=&#8221;margin-bottom:30&#8243;]Follow us on Instagram[\/apress_heading]<div class=\"ult-spacer spacer-69f3d5114e97c\" data-id=\"69f3d5114e97c\" data-height=\"50\" data-height-mobile=\"50\" data-height-tab=\"50\" data-height-tab-portrait=\"50\" data-height-mobile-landscape=\"50\" style=\"clear:both;display:block;\"><\/div>[vc_raw_html]JTVCaW5zdGFncmFtLWZlZWQlMjBmZWVkJTNEMiU1RA==[\/vc_raw_html][\/vc_column][\/vc_row]<\/p>\n","protected":false},"excerpt":{"rendered":"<p>[vc_row][vc_column][vc_widget_sidebar sidebar_id=&#8221;right_sidebar&#8221; el_id=&#8221;idiomas&#8221;][\/vc_column][\/vc_row][vc_row equal_height=&#8221;yes&#8221; content_placement=&#8221;middle&#8221; disable_element=&#8221;yes&#8221; css=&#8221;.vc_custom_1640299949768{padding-top: 70px !important;padding-bottom: 120px !important;}&#8221;][vc_column width=&#8221;1\/2&#8243;][apress_heading sub_title=&#8221;Tasca abierta abierta desde el 2014. Nuestra propuesta son unos platos en los que ponemos el m\u00e1ximo cari\u00f1o, una atenci\u00f3n personalizada y al mejor precio.&#8221; content_alignment=&#8221;left&#8221; enable_delimiter=&#8221;&#8221; style=&#8221;heading_style1&#8243;<span class=\"read_more_area\"><a class=\"read-more\" href=\"https:\/\/elrincondepancho.com\/en\/\"> Continue Reading <\/a><\/span><\/p>\n","protected":false},"author":1,"featured_media":1280,"parent":0,"menu_order":0,"comment_status":"closed","ping_status":"open","template":"template-fullwidth-page.php","meta":{"footnotes":""},"class_list":["post-642","page","type-page","status-publish","has-post-thumbnail","hentry"],"yoast_head":"<!-- This site is optimized with the Yoast SEO Premium plugin v26.2 (Yoast SEO v26.2) - https:\/\/yoast.com\/wordpress\/plugins\/seo\/ -->\n<title>Canarian and Castilian dishes and tapas in Tenerife | El Rinc\u00f3n de Pancho<\/title>\n<meta name=\"description\" content=\"Enjoy delicious tapas in Tenerife and dishes to share, perfect for all tastes. Don&#039;t miss out on the best tapas! - El Rinc\u00f3n de Pancho\" \/>\n<meta name=\"robots\" content=\"index, follow, max-snippet:-1, max-image-preview:large, max-video-preview:-1\" \/>\n<link rel=\"canonical\" href=\"https:\/\/elrincondepancho.com\/en\/\" \/>\n<meta property=\"og:locale\" content=\"en_US\" \/>\n<meta property=\"og:type\" content=\"article\" \/>\n<meta property=\"og:title\" content=\"Home\" \/>\n<meta property=\"og:description\" content=\"Enjoy delicious tapas in Tenerife and dishes to share, perfect for all tastes. Don&#039;t miss out on the best tapas! - El Rinc\u00f3n de Pancho\" \/>\n<meta property=\"og:url\" content=\"https:\/\/elrincondepancho.com\/en\/\" \/>\n<meta property=\"og:site_name\" content=\"El Rinc\u00f3n de Pancho\" \/>\n<meta property=\"article:modified_time\" content=\"2024-12-18T14:40:40+00:00\" \/>\n<meta property=\"og:image\" content=\"https:\/\/elrincondepancho.com\/wp-content\/uploads\/2021\/12\/elrincondepancho512.png\" \/>\n\t<meta property=\"og:image:width\" content=\"512\" \/>\n\t<meta property=\"og:image:height\" content=\"512\" \/>\n\t<meta property=\"og:image:type\" content=\"image\/png\" \/>\n<meta name=\"twitter:card\" content=\"summary_large_image\" \/>\n<meta name=\"twitter:label1\" content=\"Est. reading time\" \/>\n\t<meta name=\"twitter:data1\" content=\"3 minutes\" \/>\n<script type=\"application\/ld+json\" class=\"yoast-schema-graph\">{\"@context\":\"https:\/\/schema.org\",\"@graph\":[{\"@type\":\"WebPage\",\"@id\":\"https:\/\/elrincondepancho.com\/en\/\",\"url\":\"https:\/\/elrincondepancho.com\/en\/\",\"name\":\"Canarian and Castilian dishes and tapas in Tenerife | El Rinc\u00f3n de Pancho\",\"isPartOf\":{\"@id\":\"https:\/\/elrincondepancho.com\/#website\"},\"primaryImageOfPage\":{\"@id\":\"https:\/\/elrincondepancho.com\/en\/#primaryimage\"},\"image\":{\"@id\":\"https:\/\/elrincondepancho.com\/en\/#primaryimage\"},\"thumbnailUrl\":\"https:\/\/elrincondepancho.com\/wp-content\/uploads\/2021\/12\/elrincondepancho512.png\",\"datePublished\":\"2021-12-15T22:58:15+00:00\",\"dateModified\":\"2024-12-18T14:40:40+00:00\",\"description\":\"Enjoy delicious tapas in Tenerife and dishes to share, perfect for all tastes. Don't miss out on the best tapas! - El Rinc\u00f3n de Pancho\",\"breadcrumb\":{\"@id\":\"https:\/\/elrincondepancho.com\/en\/#breadcrumb\"},\"inLanguage\":\"en-US\",\"potentialAction\":[{\"@type\":\"ReadAction\",\"target\":[\"https:\/\/elrincondepancho.com\/en\/\"]}]},{\"@type\":\"ImageObject\",\"inLanguage\":\"en-US\",\"@id\":\"https:\/\/elrincondepancho.com\/en\/#primaryimage\",\"url\":\"https:\/\/elrincondepancho.com\/wp-content\/uploads\/2021\/12\/elrincondepancho512.png\",\"contentUrl\":\"https:\/\/elrincondepancho.com\/wp-content\/uploads\/2021\/12\/elrincondepancho512.png\",\"width\":512,\"height\":512,\"caption\":\"tapas en tenerife\"},{\"@type\":\"BreadcrumbList\",\"@id\":\"https:\/\/elrincondepancho.com\/en\/#breadcrumb\",\"itemListElement\":[{\"@type\":\"ListItem\",\"position\":1,\"name\":\"Portada\",\"item\":\"https:\/\/elrincondepancho.com\/en\/\"},{\"@type\":\"ListItem\",\"position\":2,\"name\":\"Home\"}]},{\"@type\":\"WebSite\",\"@id\":\"https:\/\/elrincondepancho.com\/#website\",\"url\":\"https:\/\/elrincondepancho.com\/\",\"name\":\"El Rinc\u00f3n de Pancho\",\"description\":\"Restaurante en Tenerife\",\"publisher\":{\"@id\":\"https:\/\/elrincondepancho.com\/#organization\"},\"potentialAction\":[{\"@type\":\"SearchAction\",\"target\":{\"@type\":\"EntryPoint\",\"urlTemplate\":\"https:\/\/elrincondepancho.com\/?s={search_term_string}\"},\"query-input\":{\"@type\":\"PropertyValueSpecification\",\"valueRequired\":true,\"valueName\":\"search_term_string\"}}],\"inLanguage\":\"en-US\"},{\"@type\":[\"Organization\",\"Place\",\"Restaurant\"],\"@id\":\"https:\/\/elrincondepancho.com\/#organization\",\"name\":\"El Rinc\u00f3n de Pancho\",\"url\":\"https:\/\/elrincondepancho.com\/\",\"logo\":{\"@id\":\"https:\/\/elrincondepancho.com\/en\/#local-main-organization-logo\"},\"image\":{\"@id\":\"https:\/\/elrincondepancho.com\/en\/#local-main-organization-logo\"},\"address\":{\"@id\":\"https:\/\/elrincondepancho.com\/en\/#local-main-place-address\"},\"geo\":{\"@type\":\"GeoCoordinates\",\"latitude\":\"28.0518515\",\"longitude\":\"-16.716028817\"},\"telephone\":[\"922 78 73 93\"],\"contactPoint\":{\"@type\":\"ContactPoint\",\"telephone\":\"922 78 73 93\",\"email\":\"info@elrincondepancho.com\"},\"openingHoursSpecification\":[{\"@type\":\"OpeningHoursSpecification\",\"dayOfWeek\":[\"Monday\",\"Tuesday\",\"Wednesday\",\"Thursday\",\"Friday\",\"Saturday\",\"Sunday\"],\"opens\":\"09:00\",\"closes\":\"17:00\"}],\"email\":\"info@elrincondepancho.com\",\"areaServed\":\"Los Cristianos, Tenerife\"},{\"@type\":\"PostalAddress\",\"@id\":\"https:\/\/elrincondepancho.com\/en\/#local-main-place-address\",\"streetAddress\":\"C. del Valle Men\u00e9ndez, 20, 38650 Los Cristianos, Santa Cruz de Tenerife\",\"addressLocality\":\"Los Cristianos\",\"postalCode\":\"38650\",\"addressRegion\":\"Santa Cruz de Tenerife\",\"addressCountry\":\"ES\"},{\"@type\":\"ImageObject\",\"inLanguage\":\"en-US\",\"@id\":\"https:\/\/elrincondepancho.com\/en\/#local-main-organization-logo\",\"url\":\"https:\/\/elrincondepancho.com\/wp-content\/uploads\/2021\/12\/elrincondepancho512.png\",\"contentUrl\":\"https:\/\/elrincondepancho.com\/wp-content\/uploads\/2021\/12\/elrincondepancho512.png\",\"width\":512,\"height\":512,\"caption\":\"El Rinc\u00f3n de Pancho\"}]}<\/script>\n<meta name=\"geo.placename\" content=\"Los Cristianos\" \/>\n<meta name=\"geo.position\" content=\"28.0518515;-16.716028817\" \/>\n<meta name=\"geo.region\" content=\"Spain\" \/>\n<!-- \/ Yoast SEO Premium plugin. -->","yoast_head_json":{"title":"Canarian and Castilian dishes and tapas in Tenerife | El Rinc\u00f3n de Pancho","description":"Enjoy delicious tapas in Tenerife and dishes to share, perfect for all tastes. Don't miss out on the best tapas! - El Rinc\u00f3n de Pancho","robots":{"index":"index","follow":"follow","max-snippet":"max-snippet:-1","max-image-preview":"max-image-preview:large","max-video-preview":"max-video-preview:-1"},"canonical":"https:\/\/elrincondepancho.com\/en\/","og_locale":"en_US","og_type":"article","og_title":"Home","og_description":"Enjoy delicious tapas in Tenerife and dishes to share, perfect for all tastes. Don't miss out on the best tapas! - El Rinc\u00f3n de Pancho","og_url":"https:\/\/elrincondepancho.com\/en\/","og_site_name":"El Rinc\u00f3n de Pancho","article_modified_time":"2024-12-18T14:40:40+00:00","og_image":[{"width":512,"height":512,"url":"https:\/\/elrincondepancho.com\/wp-content\/uploads\/2021\/12\/elrincondepancho512.png","type":"image\/png"}],"twitter_card":"summary_large_image","twitter_misc":{"Est. reading time":"3 minutes"},"schema":{"@context":"https:\/\/schema.org","@graph":[{"@type":"WebPage","@id":"https:\/\/elrincondepancho.com\/en\/","url":"https:\/\/elrincondepancho.com\/en\/","name":"Canarian and Castilian dishes and tapas in Tenerife | El Rinc\u00f3n de Pancho","isPartOf":{"@id":"https:\/\/elrincondepancho.com\/#website"},"primaryImageOfPage":{"@id":"https:\/\/elrincondepancho.com\/en\/#primaryimage"},"image":{"@id":"https:\/\/elrincondepancho.com\/en\/#primaryimage"},"thumbnailUrl":"https:\/\/elrincondepancho.com\/wp-content\/uploads\/2021\/12\/elrincondepancho512.png","datePublished":"2021-12-15T22:58:15+00:00","dateModified":"2024-12-18T14:40:40+00:00","description":"Enjoy delicious tapas in Tenerife and dishes to share, perfect for all tastes. Don't miss out on the best tapas! - El Rinc\u00f3n de Pancho","breadcrumb":{"@id":"https:\/\/elrincondepancho.com\/en\/#breadcrumb"},"inLanguage":"en-US","potentialAction":[{"@type":"ReadAction","target":["https:\/\/elrincondepancho.com\/en\/"]}]},{"@type":"ImageObject","inLanguage":"en-US","@id":"https:\/\/elrincondepancho.com\/en\/#primaryimage","url":"https:\/\/elrincondepancho.com\/wp-content\/uploads\/2021\/12\/elrincondepancho512.png","contentUrl":"https:\/\/elrincondepancho.com\/wp-content\/uploads\/2021\/12\/elrincondepancho512.png","width":512,"height":512,"caption":"tapas en tenerife"},{"@type":"BreadcrumbList","@id":"https:\/\/elrincondepancho.com\/en\/#breadcrumb","itemListElement":[{"@type":"ListItem","position":1,"name":"Portada","item":"https:\/\/elrincondepancho.com\/en\/"},{"@type":"ListItem","position":2,"name":"Home"}]},{"@type":"WebSite","@id":"https:\/\/elrincondepancho.com\/#website","url":"https:\/\/elrincondepancho.com\/","name":"El Rinc\u00f3n de Pancho","description":"Restaurante en Tenerife","publisher":{"@id":"https:\/\/elrincondepancho.com\/#organization"},"potentialAction":[{"@type":"SearchAction","target":{"@type":"EntryPoint","urlTemplate":"https:\/\/elrincondepancho.com\/?s={search_term_string}"},"query-input":{"@type":"PropertyValueSpecification","valueRequired":true,"valueName":"search_term_string"}}],"inLanguage":"en-US"},{"@type":["Organization","Place","Restaurant"],"@id":"https:\/\/elrincondepancho.com\/#organization","name":"El Rinc\u00f3n de Pancho","url":"https:\/\/elrincondepancho.com\/","logo":{"@id":"https:\/\/elrincondepancho.com\/en\/#local-main-organization-logo"},"image":{"@id":"https:\/\/elrincondepancho.com\/en\/#local-main-organization-logo"},"address":{"@id":"https:\/\/elrincondepancho.com\/en\/#local-main-place-address"},"geo":{"@type":"GeoCoordinates","latitude":"28.0518515","longitude":"-16.716028817"},"telephone":["922 78 73 93"],"contactPoint":{"@type":"ContactPoint","telephone":"922 78 73 93","email":"info@elrincondepancho.com"},"openingHoursSpecification":[{"@type":"OpeningHoursSpecification","dayOfWeek":["Monday","Tuesday","Wednesday","Thursday","Friday","Saturday","Sunday"],"opens":"09:00","closes":"17:00"}],"email":"info@elrincondepancho.com","areaServed":"Los Cristianos, Tenerife"},{"@type":"PostalAddress","@id":"https:\/\/elrincondepancho.com\/en\/#local-main-place-address","streetAddress":"C. del Valle Men\u00e9ndez, 20, 38650 Los Cristianos, Santa Cruz de Tenerife","addressLocality":"Los Cristianos","postalCode":"38650","addressRegion":"Santa Cruz de Tenerife","addressCountry":"ES"},{"@type":"ImageObject","inLanguage":"en-US","@id":"https:\/\/elrincondepancho.com\/en\/#local-main-organization-logo","url":"https:\/\/elrincondepancho.com\/wp-content\/uploads\/2021\/12\/elrincondepancho512.png","contentUrl":"https:\/\/elrincondepancho.com\/wp-content\/uploads\/2021\/12\/elrincondepancho512.png","width":512,"height":512,"caption":"El Rinc\u00f3n de Pancho"}]},"geo.placename":"Los Cristianos","geo.position":{"lat":"28.0518515","long":"-16.716028817"},"geo.region":"Spain"},"_links":{"self":[{"href":"https:\/\/elrincondepancho.com\/en\/wp-json\/wp\/v2\/pages\/642","targetHints":{"allow":["GET"]}}],"collection":[{"href":"https:\/\/elrincondepancho.com\/en\/wp-json\/wp\/v2\/pages"}],"about":[{"href":"https:\/\/elrincondepancho.com\/en\/wp-json\/wp\/v2\/types\/page"}],"author":[{"embeddable":true,"href":"https:\/\/elrincondepancho.com\/en\/wp-json\/wp\/v2\/users\/1"}],"replies":[{"embeddable":true,"href":"https:\/\/elrincondepancho.com\/en\/wp-json\/wp\/v2\/comments?post=642"}],"version-history":[{"count":2,"href":"https:\/\/elrincondepancho.com\/en\/wp-json\/wp\/v2\/pages\/642\/revisions"}],"predecessor-version":[{"id":1544,"href":"https:\/\/elrincondepancho.com\/en\/wp-json\/wp\/v2\/pages\/642\/revisions\/1544"}],"wp:featuredmedia":[{"embeddable":true,"href":"https:\/\/elrincondepancho.com\/en\/wp-json\/wp\/v2\/media\/1280"}],"wp:attachment":[{"href":"https:\/\/elrincondepancho.com\/en\/wp-json\/wp\/v2\/media?parent=642"}],"curies":[{"name":"wp","href":"https:\/\/api.w.org\/{rel}","templated":true}]}}