{"id":1482,"date":"2024-10-17T11:10:27","date_gmt":"2024-10-17T11:10:27","guid":{"rendered":"https:\/\/elrincondepancho.com\/blog\/"},"modified":"2025-05-13T09:50:25","modified_gmt":"2025-05-13T09:50:25","slug":"blog","status":"publish","type":"page","link":"https:\/\/elrincondepancho.com\/it\/blog\/","title":{"rendered":"Blog"},"content":{"rendered":"<p>[vc_row][vc_column][vc_column_text]<\/p>\n<h2 style=\"color: red;\">Scopri il nostro blog: Consigli e piatti del nostro ristorante a Los Cristianos<\/h2>\n<p>Se ami la buona gastronomia, nel nostro blog troverai articoli su piatti tradizionali, consigli culinari e raccomandazioni per goderti al meglio la cucina locale. Dalle migliori <strong data-start=\"207\" data-end=\"232\">tapas nel sud di Tenerife<\/strong> a ricette e curiosit\u00e0 sulla gastronomia canaria, vogliamo condividere con te la nostra passione per il cibo. Inoltre, ti parleremo della nostra tasca, un luogo ideale per assaporare sapori autentici. Se stai cercando un <strong data-start=\"451\" data-end=\"484\">ristorante a Los Cristianos<\/strong> dove vivere un&#8217;esperienza unica, <strong data-start=\"520\" data-end=\"543\">El Rinc\u00f3n de Pancho<\/strong> \u00e8 la scelta migliore. Non perderti i nostri articoli e scopri di pi\u00f9 sul nostro <strong data-start=\"630\" data-end=\"663\">ristorante<\/strong>.[\/vc_column_text][vc_empty_space height=&#8221;25px&#8221;][apress_blog_element category=&#8221;all&#8221; blog_navigation=&#8221;classic_nav&#8221; style=&#8221;style_01&#8243; title_font_options=&#8221;tag:h4|color:%23252525&#8243;][\/vc_column][\/vc_row]<\/p>\n","protected":false},"excerpt":{"rendered":"<p>[vc_row][vc_column][vc_column_text] Scopri il nostro blog: Consigli e piatti del nostro ristorante a Los Cristianos Se ami la buona gastronomia, nel nostro blog troverai articoli su piatti tradizionali, consigli culinari e raccomandazioni per goderti al meglio la cucina locale. Dalle migliori<span class=\"read_more_area\"><a class=\"read-more\" href=\"https:\/\/elrincondepancho.com\/it\/blog\/\"> Continue Reading <\/a><\/span><\/p>\n","protected":false},"author":1,"featured_media":0,"parent":0,"menu_order":0,"comment_status":"closed","ping_status":"closed","template":"","meta":{"footnotes":""},"class_list":["post-1482","page","type-page","status-publish","hentry"],"yoast_head":"<!-- This site is optimized with the Yoast SEO Premium plugin v26.2 (Yoast SEO v26.2) - https:\/\/yoast.com\/wordpress\/plugins\/seo\/ -->\n<title>Blog di El Rinc\u00f3n de Pancho - Ristorante a Los Cristianos<\/title>\n<meta name=\"description\" content=\"Scoprite piatti, consigli e curiosit\u00e0 gastronomiche nel nostro blog. Venite a trovarci a El Rinc\u00f3n de Pancho, il vostro ristorante a Los Cristianos.\" \/>\n<meta name=\"robots\" content=\"index, follow, max-snippet:-1, max-image-preview:large, max-video-preview:-1\" \/>\n<link rel=\"canonical\" href=\"https:\/\/elrincondepancho.com\/it\/blog\/\" \/>\n<meta property=\"og:locale\" content=\"it_IT\" \/>\n<meta property=\"og:type\" content=\"article\" \/>\n<meta property=\"og:title\" content=\"Blog\" \/>\n<meta property=\"og:description\" content=\"Scoprite piatti, consigli e curiosit\u00e0 gastronomiche nel nostro blog. Venite a trovarci a El Rinc\u00f3n de Pancho, il vostro ristorante a Los Cristianos.\" \/>\n<meta property=\"og:url\" content=\"https:\/\/elrincondepancho.com\/it\/blog\/\" \/>\n<meta property=\"og:site_name\" content=\"El Rinc\u00f3n de Pancho\" \/>\n<meta property=\"article:modified_time\" content=\"2025-05-13T09:50:25+00:00\" \/>\n<meta name=\"twitter:card\" content=\"summary_large_image\" \/>\n<meta name=\"twitter:label1\" content=\"Tempo di lettura stimato\" \/>\n\t<meta name=\"twitter:data1\" content=\"1 minuto\" \/>\n<script type=\"application\/ld+json\" class=\"yoast-schema-graph\">{\"@context\":\"https:\/\/schema.org\",\"@graph\":[{\"@type\":\"WebPage\",\"@id\":\"https:\/\/elrincondepancho.com\/it\/blog\/\",\"url\":\"https:\/\/elrincondepancho.com\/it\/blog\/\",\"name\":\"Blog di El Rinc\u00f3n de Pancho - Ristorante a Los Cristianos\",\"isPartOf\":{\"@id\":\"https:\/\/elrincondepancho.com\/#website\"},\"datePublished\":\"2024-10-17T11:10:27+00:00\",\"dateModified\":\"2025-05-13T09:50:25+00:00\",\"description\":\"Scoprite piatti, consigli e curiosit\u00e0 gastronomiche nel nostro blog. Venite a trovarci a El Rinc\u00f3n de Pancho, il vostro ristorante a Los Cristianos.\",\"breadcrumb\":{\"@id\":\"https:\/\/elrincondepancho.com\/it\/blog\/#breadcrumb\"},\"inLanguage\":\"it-IT\",\"potentialAction\":[{\"@type\":\"ReadAction\",\"target\":[\"https:\/\/elrincondepancho.com\/it\/blog\/\"]}]},{\"@type\":\"BreadcrumbList\",\"@id\":\"https:\/\/elrincondepancho.com\/it\/blog\/#breadcrumb\",\"itemListElement\":[{\"@type\":\"ListItem\",\"position\":1,\"name\":\"Portada\",\"item\":\"https:\/\/elrincondepancho.com\/it\/\"},{\"@type\":\"ListItem\",\"position\":2,\"name\":\"Blog\"}]},{\"@type\":\"WebSite\",\"@id\":\"https:\/\/elrincondepancho.com\/#website\",\"url\":\"https:\/\/elrincondepancho.com\/\",\"name\":\"El Rinc\u00f3n de Pancho\",\"description\":\"Restaurante en Tenerife\",\"publisher\":{\"@id\":\"https:\/\/elrincondepancho.com\/#organization\"},\"potentialAction\":[{\"@type\":\"SearchAction\",\"target\":{\"@type\":\"EntryPoint\",\"urlTemplate\":\"https:\/\/elrincondepancho.com\/?s={search_term_string}\"},\"query-input\":{\"@type\":\"PropertyValueSpecification\",\"valueRequired\":true,\"valueName\":\"search_term_string\"}}],\"inLanguage\":\"it-IT\"},{\"@type\":[\"Organization\",\"Place\",\"Restaurant\"],\"@id\":\"https:\/\/elrincondepancho.com\/#organization\",\"name\":\"El Rinc\u00f3n de Pancho\",\"url\":\"https:\/\/elrincondepancho.com\/\",\"logo\":{\"@id\":\"https:\/\/elrincondepancho.com\/it\/blog\/#local-main-organization-logo\"},\"image\":{\"@id\":\"https:\/\/elrincondepancho.com\/it\/blog\/#local-main-organization-logo\"},\"address\":{\"@id\":\"https:\/\/elrincondepancho.com\/it\/blog\/#local-main-place-address\"},\"geo\":{\"@type\":\"GeoCoordinates\",\"latitude\":\"28.0518515\",\"longitude\":\"-16.716028817\"},\"telephone\":[\"922 78 73 93\"],\"contactPoint\":{\"@type\":\"ContactPoint\",\"telephone\":\"922 78 73 93\",\"email\":\"info@elrincondepancho.com\"},\"openingHoursSpecification\":[{\"@type\":\"OpeningHoursSpecification\",\"dayOfWeek\":[\"Monday\",\"Tuesday\",\"Wednesday\",\"Thursday\",\"Friday\",\"Saturday\",\"Sunday\"],\"opens\":\"09:00\",\"closes\":\"17:00\"}],\"email\":\"info@elrincondepancho.com\",\"areaServed\":\"Los Cristianos, Tenerife\"},{\"@type\":\"PostalAddress\",\"@id\":\"https:\/\/elrincondepancho.com\/it\/blog\/#local-main-place-address\",\"streetAddress\":\"C. del Valle Men\u00e9ndez, 20, 38650 Los Cristianos, Santa Cruz de Tenerife\",\"addressLocality\":\"Los Cristianos\",\"postalCode\":\"38650\",\"addressRegion\":\"Santa Cruz de Tenerife\",\"addressCountry\":\"ES\"},{\"@type\":\"ImageObject\",\"inLanguage\":\"it-IT\",\"@id\":\"https:\/\/elrincondepancho.com\/it\/blog\/#local-main-organization-logo\",\"url\":\"https:\/\/elrincondepancho.com\/wp-content\/uploads\/2021\/12\/elrincondepancho512.png\",\"contentUrl\":\"https:\/\/elrincondepancho.com\/wp-content\/uploads\/2021\/12\/elrincondepancho512.png\",\"width\":512,\"height\":512,\"caption\":\"El Rinc\u00f3n de Pancho\"}]}<\/script>\n<meta name=\"geo.placename\" content=\"Los Cristianos\" \/>\n<meta name=\"geo.position\" content=\"28.0518515;-16.716028817\" \/>\n<meta name=\"geo.region\" content=\"Spagna\" \/>\n<!-- \/ Yoast SEO Premium plugin. -->","yoast_head_json":{"title":"Blog di El Rinc\u00f3n de Pancho - Ristorante a Los Cristianos","description":"Scoprite piatti, consigli e curiosit\u00e0 gastronomiche nel nostro blog. Venite a trovarci a El Rinc\u00f3n de Pancho, il vostro ristorante a Los Cristianos.","robots":{"index":"index","follow":"follow","max-snippet":"max-snippet:-1","max-image-preview":"max-image-preview:large","max-video-preview":"max-video-preview:-1"},"canonical":"https:\/\/elrincondepancho.com\/it\/blog\/","og_locale":"it_IT","og_type":"article","og_title":"Blog","og_description":"Scoprite piatti, consigli e curiosit\u00e0 gastronomiche nel nostro blog. Venite a trovarci a El Rinc\u00f3n de Pancho, il vostro ristorante a Los Cristianos.","og_url":"https:\/\/elrincondepancho.com\/it\/blog\/","og_site_name":"El Rinc\u00f3n de Pancho","article_modified_time":"2025-05-13T09:50:25+00:00","twitter_card":"summary_large_image","twitter_misc":{"Tempo di lettura stimato":"1 minuto"},"schema":{"@context":"https:\/\/schema.org","@graph":[{"@type":"WebPage","@id":"https:\/\/elrincondepancho.com\/it\/blog\/","url":"https:\/\/elrincondepancho.com\/it\/blog\/","name":"Blog di El Rinc\u00f3n de Pancho - Ristorante a Los Cristianos","isPartOf":{"@id":"https:\/\/elrincondepancho.com\/#website"},"datePublished":"2024-10-17T11:10:27+00:00","dateModified":"2025-05-13T09:50:25+00:00","description":"Scoprite piatti, consigli e curiosit\u00e0 gastronomiche nel nostro blog. Venite a trovarci a El Rinc\u00f3n de Pancho, il vostro ristorante a Los Cristianos.","breadcrumb":{"@id":"https:\/\/elrincondepancho.com\/it\/blog\/#breadcrumb"},"inLanguage":"it-IT","potentialAction":[{"@type":"ReadAction","target":["https:\/\/elrincondepancho.com\/it\/blog\/"]}]},{"@type":"BreadcrumbList","@id":"https:\/\/elrincondepancho.com\/it\/blog\/#breadcrumb","itemListElement":[{"@type":"ListItem","position":1,"name":"Portada","item":"https:\/\/elrincondepancho.com\/it\/"},{"@type":"ListItem","position":2,"name":"Blog"}]},{"@type":"WebSite","@id":"https:\/\/elrincondepancho.com\/#website","url":"https:\/\/elrincondepancho.com\/","name":"El Rinc\u00f3n de Pancho","description":"Restaurante en Tenerife","publisher":{"@id":"https:\/\/elrincondepancho.com\/#organization"},"potentialAction":[{"@type":"SearchAction","target":{"@type":"EntryPoint","urlTemplate":"https:\/\/elrincondepancho.com\/?s={search_term_string}"},"query-input":{"@type":"PropertyValueSpecification","valueRequired":true,"valueName":"search_term_string"}}],"inLanguage":"it-IT"},{"@type":["Organization","Place","Restaurant"],"@id":"https:\/\/elrincondepancho.com\/#organization","name":"El Rinc\u00f3n de Pancho","url":"https:\/\/elrincondepancho.com\/","logo":{"@id":"https:\/\/elrincondepancho.com\/it\/blog\/#local-main-organization-logo"},"image":{"@id":"https:\/\/elrincondepancho.com\/it\/blog\/#local-main-organization-logo"},"address":{"@id":"https:\/\/elrincondepancho.com\/it\/blog\/#local-main-place-address"},"geo":{"@type":"GeoCoordinates","latitude":"28.0518515","longitude":"-16.716028817"},"telephone":["922 78 73 93"],"contactPoint":{"@type":"ContactPoint","telephone":"922 78 73 93","email":"info@elrincondepancho.com"},"openingHoursSpecification":[{"@type":"OpeningHoursSpecification","dayOfWeek":["Monday","Tuesday","Wednesday","Thursday","Friday","Saturday","Sunday"],"opens":"09:00","closes":"17:00"}],"email":"info@elrincondepancho.com","areaServed":"Los Cristianos, Tenerife"},{"@type":"PostalAddress","@id":"https:\/\/elrincondepancho.com\/it\/blog\/#local-main-place-address","streetAddress":"C. del Valle Men\u00e9ndez, 20, 38650 Los Cristianos, Santa Cruz de Tenerife","addressLocality":"Los Cristianos","postalCode":"38650","addressRegion":"Santa Cruz de Tenerife","addressCountry":"ES"},{"@type":"ImageObject","inLanguage":"it-IT","@id":"https:\/\/elrincondepancho.com\/it\/blog\/#local-main-organization-logo","url":"https:\/\/elrincondepancho.com\/wp-content\/uploads\/2021\/12\/elrincondepancho512.png","contentUrl":"https:\/\/elrincondepancho.com\/wp-content\/uploads\/2021\/12\/elrincondepancho512.png","width":512,"height":512,"caption":"El Rinc\u00f3n de Pancho"}]},"geo.placename":"Los Cristianos","geo.position":{"lat":"28.0518515","long":"-16.716028817"},"geo.region":"Spagna"},"_links":{"self":[{"href":"https:\/\/elrincondepancho.com\/it\/wp-json\/wp\/v2\/pages\/1482","targetHints":{"allow":["GET"]}}],"collection":[{"href":"https:\/\/elrincondepancho.com\/it\/wp-json\/wp\/v2\/pages"}],"about":[{"href":"https:\/\/elrincondepancho.com\/it\/wp-json\/wp\/v2\/types\/page"}],"author":[{"embeddable":true,"href":"https:\/\/elrincondepancho.com\/it\/wp-json\/wp\/v2\/users\/1"}],"replies":[{"embeddable":true,"href":"https:\/\/elrincondepancho.com\/it\/wp-json\/wp\/v2\/comments?post=1482"}],"version-history":[{"count":3,"href":"https:\/\/elrincondepancho.com\/it\/wp-json\/wp\/v2\/pages\/1482\/revisions"}],"predecessor-version":[{"id":1710,"href":"https:\/\/elrincondepancho.com\/it\/wp-json\/wp\/v2\/pages\/1482\/revisions\/1710"}],"wp:attachment":[{"href":"https:\/\/elrincondepancho.com\/it\/wp-json\/wp\/v2\/media?parent=1482"}],"curies":[{"name":"wp","href":"https:\/\/api.w.org\/{rel}","templated":true}]}}