{"id":1459,"date":"2024-10-17T10:56:33","date_gmt":"2024-10-17T10:56:33","guid":{"rendered":"https:\/\/elrincondepancho.com\/?page_id=1459"},"modified":"2025-05-13T09:51:21","modified_gmt":"2025-05-13T09:51:21","slug":"blog","status":"publish","type":"page","link":"https:\/\/elrincondepancho.com\/pl\/blog\/","title":{"rendered":"Blog"},"content":{"rendered":"<p>[vc_row][vc_column][vc_column_text]<\/p>\n<h2 style=\"color: red;\">Odkryj Nasz Blog: Porady i Dania Naszej Restauracji w Los Cristianos<\/h2>\n<p>Je\u015bli jeste\u015b mi\u0142o\u015bnikiem dobrej kuchni, na naszym blogu znajdziesz artyku\u0142y o tradycyjnych daniach, porady kulinarne i rekomendacje, jak najlepiej cieszy\u0107 si\u0119 lokaln\u0105 kuchni\u0105. Od najlepszych <strong data-start=\"207\" data-end=\"232\">tapas na Teneryfie Po\u0142udniowej<\/strong> po przepisy i ciekawostki o kuchni kanaryjskiej \u2013 chcemy podzieli\u0107 si\u0119 z Tob\u0105 nasz\u0105 pasj\u0105 do jedzenia. Ponadto opowiemy Ci o naszej tasce, idealnym miejscu do delektowania si\u0119 autentycznymi smakami. Je\u015bli szukasz <strong data-start=\"451\" data-end=\"484\">restauracji w Los Cristianos<\/strong>, gdzie mo\u017cesz prze\u017cy\u0107 wyj\u0105tkowe do\u015bwiadczenie, <strong data-start=\"520\" data-end=\"543\">El Rinc\u00f3n de Pancho<\/strong> to najlepszy wyb\u00f3r. Nie przegap naszych wpis\u00f3w i odkryj wi\u0119cej o naszej <strong data-start=\"630\" data-end=\"663\">restauracji<\/strong>.[\/vc_column_text][vc_empty_space height=&#8221;25px&#8221;][apress_blog_element category=&#8221;all&#8221; blog_navigation=&#8221;classic_nav&#8221; style=&#8221;style_01&#8243; title_font_options=&#8221;tag:h4|color:%23252525&#8243;][\/vc_column][\/vc_row]<\/p>\n","protected":false},"excerpt":{"rendered":"<p>[vc_row][vc_column][vc_column_text] Odkryj Nasz Blog: Porady i Dania Naszej Restauracji w Los Cristianos Je\u015bli jeste\u015b mi\u0142o\u015bnikiem dobrej kuchni, na naszym blogu znajdziesz artyku\u0142y o tradycyjnych daniach, porady kulinarne i rekomendacje, jak najlepiej cieszy\u0107 si\u0119 lokaln\u0105 kuchni\u0105. Od najlepszych tapas na Teneryfie<span class=\"read_more_area\"><a class=\"read-more\" href=\"https:\/\/elrincondepancho.com\/pl\/blog\/\"> Continue Reading <\/a><\/span><\/p>\n","protected":false},"author":1,"featured_media":0,"parent":0,"menu_order":0,"comment_status":"closed","ping_status":"closed","template":"","meta":{"footnotes":""},"class_list":["post-1459","page","type-page","status-publish","hentry"],"yoast_head":"<!-- This site is optimized with the Yoast SEO Premium plugin v26.2 (Yoast SEO v26.2) - https:\/\/yoast.com\/wordpress\/plugins\/seo\/ -->\n<title>Blog El Rinc\u00f3n de Pancho - restauracji w Los Cristianos<\/title>\n<meta name=\"description\" content=\"Odkryj dania, porady i ciekawostki gastronomiczne na naszym blogu. Odwied\u017a nas w El Rinc\u00f3n de Pancho, Twojej restauracji w Los Cristianos.\" \/>\n<meta name=\"robots\" content=\"index, follow, max-snippet:-1, max-image-preview:large, max-video-preview:-1\" \/>\n<link rel=\"canonical\" href=\"https:\/\/elrincondepancho.com\/pl\/blog\/\" \/>\n<meta property=\"og:locale\" content=\"pl_PL\" \/>\n<meta property=\"og:type\" content=\"article\" \/>\n<meta property=\"og:title\" content=\"Blog\" \/>\n<meta property=\"og:description\" content=\"Odkryj dania, porady i ciekawostki gastronomiczne na naszym blogu. Odwied\u017a nas w El Rinc\u00f3n de Pancho, Twojej restauracji w Los Cristianos.\" \/>\n<meta property=\"og:url\" content=\"https:\/\/elrincondepancho.com\/pl\/blog\/\" \/>\n<meta property=\"og:site_name\" content=\"El Rinc\u00f3n de Pancho\" \/>\n<meta property=\"article:modified_time\" content=\"2025-05-13T09:51:21+00:00\" \/>\n<meta name=\"twitter:card\" content=\"summary_large_image\" \/>\n<meta name=\"twitter:label1\" content=\"Szacowany czas czytania\" \/>\n\t<meta name=\"twitter:data1\" content=\"1 minuta\" \/>\n<script type=\"application\/ld+json\" class=\"yoast-schema-graph\">{\"@context\":\"https:\/\/schema.org\",\"@graph\":[{\"@type\":\"WebPage\",\"@id\":\"https:\/\/elrincondepancho.com\/pl\/blog\/\",\"url\":\"https:\/\/elrincondepancho.com\/pl\/blog\/\",\"name\":\"Blog El Rinc\u00f3n de Pancho - restauracji w Los Cristianos\",\"isPartOf\":{\"@id\":\"https:\/\/elrincondepancho.com\/#website\"},\"datePublished\":\"2024-10-17T10:56:33+00:00\",\"dateModified\":\"2025-05-13T09:51:21+00:00\",\"description\":\"Odkryj dania, porady i ciekawostki gastronomiczne na naszym blogu. Odwied\u017a nas w El Rinc\u00f3n de Pancho, Twojej restauracji w Los Cristianos.\",\"breadcrumb\":{\"@id\":\"https:\/\/elrincondepancho.com\/pl\/blog\/#breadcrumb\"},\"inLanguage\":\"pl-PL\",\"potentialAction\":[{\"@type\":\"ReadAction\",\"target\":[\"https:\/\/elrincondepancho.com\/pl\/blog\/\"]}]},{\"@type\":\"BreadcrumbList\",\"@id\":\"https:\/\/elrincondepancho.com\/pl\/blog\/#breadcrumb\",\"itemListElement\":[{\"@type\":\"ListItem\",\"position\":1,\"name\":\"Portada\",\"item\":\"https:\/\/elrincondepancho.com\/pl\/\"},{\"@type\":\"ListItem\",\"position\":2,\"name\":\"Blog\"}]},{\"@type\":\"WebSite\",\"@id\":\"https:\/\/elrincondepancho.com\/#website\",\"url\":\"https:\/\/elrincondepancho.com\/\",\"name\":\"El Rinc\u00f3n de Pancho\",\"description\":\"Restaurante en Tenerife\",\"publisher\":{\"@id\":\"https:\/\/elrincondepancho.com\/#organization\"},\"potentialAction\":[{\"@type\":\"SearchAction\",\"target\":{\"@type\":\"EntryPoint\",\"urlTemplate\":\"https:\/\/elrincondepancho.com\/?s={search_term_string}\"},\"query-input\":{\"@type\":\"PropertyValueSpecification\",\"valueRequired\":true,\"valueName\":\"search_term_string\"}}],\"inLanguage\":\"pl-PL\"},{\"@type\":[\"Organization\",\"Place\",\"Restaurant\"],\"@id\":\"https:\/\/elrincondepancho.com\/#organization\",\"name\":\"El Rinc\u00f3n de Pancho\",\"url\":\"https:\/\/elrincondepancho.com\/\",\"logo\":{\"@id\":\"https:\/\/elrincondepancho.com\/pl\/blog\/#local-main-organization-logo\"},\"image\":{\"@id\":\"https:\/\/elrincondepancho.com\/pl\/blog\/#local-main-organization-logo\"},\"address\":{\"@id\":\"https:\/\/elrincondepancho.com\/pl\/blog\/#local-main-place-address\"},\"geo\":{\"@type\":\"GeoCoordinates\",\"latitude\":\"28.0518515\",\"longitude\":\"-16.716028817\"},\"telephone\":[\"922 78 73 93\"],\"contactPoint\":{\"@type\":\"ContactPoint\",\"telephone\":\"922 78 73 93\",\"email\":\"info@elrincondepancho.com\"},\"openingHoursSpecification\":[{\"@type\":\"OpeningHoursSpecification\",\"dayOfWeek\":[\"Monday\",\"Tuesday\",\"Wednesday\",\"Thursday\",\"Friday\",\"Saturday\",\"Sunday\"],\"opens\":\"09:00\",\"closes\":\"17:00\"}],\"email\":\"info@elrincondepancho.com\",\"areaServed\":\"Los Cristianos, Tenerife\"},{\"@type\":\"PostalAddress\",\"@id\":\"https:\/\/elrincondepancho.com\/pl\/blog\/#local-main-place-address\",\"streetAddress\":\"C. del Valle Men\u00e9ndez, 20, 38650 Los Cristianos, Santa Cruz de Tenerife\",\"addressLocality\":\"Los Cristianos\",\"postalCode\":\"38650\",\"addressRegion\":\"Santa Cruz de Tenerife\",\"addressCountry\":\"ES\"},{\"@type\":\"ImageObject\",\"inLanguage\":\"pl-PL\",\"@id\":\"https:\/\/elrincondepancho.com\/pl\/blog\/#local-main-organization-logo\",\"url\":\"https:\/\/elrincondepancho.com\/wp-content\/uploads\/2021\/12\/elrincondepancho512.png\",\"contentUrl\":\"https:\/\/elrincondepancho.com\/wp-content\/uploads\/2021\/12\/elrincondepancho512.png\",\"width\":512,\"height\":512,\"caption\":\"El Rinc\u00f3n de Pancho\"}]}<\/script>\n<meta name=\"geo.placename\" content=\"Los Cristianos\" \/>\n<meta name=\"geo.position\" content=\"28.0518515;-16.716028817\" \/>\n<meta name=\"geo.region\" content=\"Hiszpania\" \/>\n<!-- \/ Yoast SEO Premium plugin. -->","yoast_head_json":{"title":"Blog El Rinc\u00f3n de Pancho - restauracji w Los Cristianos","description":"Odkryj dania, porady i ciekawostki gastronomiczne na naszym blogu. Odwied\u017a nas w El Rinc\u00f3n de Pancho, Twojej restauracji w Los Cristianos.","robots":{"index":"index","follow":"follow","max-snippet":"max-snippet:-1","max-image-preview":"max-image-preview:large","max-video-preview":"max-video-preview:-1"},"canonical":"https:\/\/elrincondepancho.com\/pl\/blog\/","og_locale":"pl_PL","og_type":"article","og_title":"Blog","og_description":"Odkryj dania, porady i ciekawostki gastronomiczne na naszym blogu. Odwied\u017a nas w El Rinc\u00f3n de Pancho, Twojej restauracji w Los Cristianos.","og_url":"https:\/\/elrincondepancho.com\/pl\/blog\/","og_site_name":"El Rinc\u00f3n de Pancho","article_modified_time":"2025-05-13T09:51:21+00:00","twitter_card":"summary_large_image","twitter_misc":{"Szacowany czas czytania":"1 minuta"},"schema":{"@context":"https:\/\/schema.org","@graph":[{"@type":"WebPage","@id":"https:\/\/elrincondepancho.com\/pl\/blog\/","url":"https:\/\/elrincondepancho.com\/pl\/blog\/","name":"Blog El Rinc\u00f3n de Pancho - restauracji w Los Cristianos","isPartOf":{"@id":"https:\/\/elrincondepancho.com\/#website"},"datePublished":"2024-10-17T10:56:33+00:00","dateModified":"2025-05-13T09:51:21+00:00","description":"Odkryj dania, porady i ciekawostki gastronomiczne na naszym blogu. Odwied\u017a nas w El Rinc\u00f3n de Pancho, Twojej restauracji w Los Cristianos.","breadcrumb":{"@id":"https:\/\/elrincondepancho.com\/pl\/blog\/#breadcrumb"},"inLanguage":"pl-PL","potentialAction":[{"@type":"ReadAction","target":["https:\/\/elrincondepancho.com\/pl\/blog\/"]}]},{"@type":"BreadcrumbList","@id":"https:\/\/elrincondepancho.com\/pl\/blog\/#breadcrumb","itemListElement":[{"@type":"ListItem","position":1,"name":"Portada","item":"https:\/\/elrincondepancho.com\/pl\/"},{"@type":"ListItem","position":2,"name":"Blog"}]},{"@type":"WebSite","@id":"https:\/\/elrincondepancho.com\/#website","url":"https:\/\/elrincondepancho.com\/","name":"El Rinc\u00f3n de Pancho","description":"Restaurante en Tenerife","publisher":{"@id":"https:\/\/elrincondepancho.com\/#organization"},"potentialAction":[{"@type":"SearchAction","target":{"@type":"EntryPoint","urlTemplate":"https:\/\/elrincondepancho.com\/?s={search_term_string}"},"query-input":{"@type":"PropertyValueSpecification","valueRequired":true,"valueName":"search_term_string"}}],"inLanguage":"pl-PL"},{"@type":["Organization","Place","Restaurant"],"@id":"https:\/\/elrincondepancho.com\/#organization","name":"El Rinc\u00f3n de Pancho","url":"https:\/\/elrincondepancho.com\/","logo":{"@id":"https:\/\/elrincondepancho.com\/pl\/blog\/#local-main-organization-logo"},"image":{"@id":"https:\/\/elrincondepancho.com\/pl\/blog\/#local-main-organization-logo"},"address":{"@id":"https:\/\/elrincondepancho.com\/pl\/blog\/#local-main-place-address"},"geo":{"@type":"GeoCoordinates","latitude":"28.0518515","longitude":"-16.716028817"},"telephone":["922 78 73 93"],"contactPoint":{"@type":"ContactPoint","telephone":"922 78 73 93","email":"info@elrincondepancho.com"},"openingHoursSpecification":[{"@type":"OpeningHoursSpecification","dayOfWeek":["Monday","Tuesday","Wednesday","Thursday","Friday","Saturday","Sunday"],"opens":"09:00","closes":"17:00"}],"email":"info@elrincondepancho.com","areaServed":"Los Cristianos, Tenerife"},{"@type":"PostalAddress","@id":"https:\/\/elrincondepancho.com\/pl\/blog\/#local-main-place-address","streetAddress":"C. del Valle Men\u00e9ndez, 20, 38650 Los Cristianos, Santa Cruz de Tenerife","addressLocality":"Los Cristianos","postalCode":"38650","addressRegion":"Santa Cruz de Tenerife","addressCountry":"ES"},{"@type":"ImageObject","inLanguage":"pl-PL","@id":"https:\/\/elrincondepancho.com\/pl\/blog\/#local-main-organization-logo","url":"https:\/\/elrincondepancho.com\/wp-content\/uploads\/2021\/12\/elrincondepancho512.png","contentUrl":"https:\/\/elrincondepancho.com\/wp-content\/uploads\/2021\/12\/elrincondepancho512.png","width":512,"height":512,"caption":"El Rinc\u00f3n de Pancho"}]},"geo.placename":"Los Cristianos","geo.position":{"lat":"28.0518515","long":"-16.716028817"},"geo.region":"Hiszpania"},"_links":{"self":[{"href":"https:\/\/elrincondepancho.com\/pl\/wp-json\/wp\/v2\/pages\/1459","targetHints":{"allow":["GET"]}}],"collection":[{"href":"https:\/\/elrincondepancho.com\/pl\/wp-json\/wp\/v2\/pages"}],"about":[{"href":"https:\/\/elrincondepancho.com\/pl\/wp-json\/wp\/v2\/types\/page"}],"author":[{"embeddable":true,"href":"https:\/\/elrincondepancho.com\/pl\/wp-json\/wp\/v2\/users\/1"}],"replies":[{"embeddable":true,"href":"https:\/\/elrincondepancho.com\/pl\/wp-json\/wp\/v2\/comments?post=1459"}],"version-history":[{"count":4,"href":"https:\/\/elrincondepancho.com\/pl\/wp-json\/wp\/v2\/pages\/1459\/revisions"}],"predecessor-version":[{"id":1711,"href":"https:\/\/elrincondepancho.com\/pl\/wp-json\/wp\/v2\/pages\/1459\/revisions\/1711"}],"wp:attachment":[{"href":"https:\/\/elrincondepancho.com\/pl\/wp-json\/wp\/v2\/media?parent=1459"}],"curies":[{"name":"wp","href":"https:\/\/api.w.org\/{rel}","templated":true}]}}